{"id":39,"date":"2024-07-22T15:04:23","date_gmt":"2024-07-22T13:04:23","guid":{"rendered":"https:\/\/www.pnl.cz\/?page_id=39"},"modified":"2024-07-23T17:25:12","modified_gmt":"2024-07-23T15:25:12","slug":"rozcestnik","status":"publish","type":"page","link":"https:\/\/www.pnl.cz\/","title":{"rendered":""},"content":{"rendered":"\n<div class=\"wp-block-media-text is-stacked-on-mobile\"><figure class=\"wp-block-media-text__media\"><a href=\"https:\/\/www.helapc.cz\"><img loading=\"lazy\" decoding=\"async\" width=\"900\" height=\"590\" src=\"https:\/\/www.pnl.cz\/wp-content\/uploads\/2024\/07\/HelaPC_net-1.png\" alt=\"\" class=\"wp-image-57 size-full\" srcset=\"https:\/\/www.pnl.cz\/wp-content\/uploads\/2024\/07\/HelaPC_net-1.png 900w, https:\/\/www.pnl.cz\/wp-content\/uploads\/2024\/07\/HelaPC_net-1-300x197.png 300w, https:\/\/www.pnl.cz\/wp-content\/uploads\/2024\/07\/HelaPC_net-1-768x503.png 768w\" sizes=\"(max-width: 900px) 100vw, 900px\" \/><\/a><\/figure><div class=\"wp-block-media-text__content\">\n<h4 class=\"wp-block-heading\"><strong>Na\u0161e s\u00ed\u0165 V\u00e1m nab\u00edz\u00ed kvalitu, rychlost a f\u00e9rov\u00e9 jedn\u00e1n\u00ed. Kvalitu a rychlost zaji\u0161\u0165uj\u00ed na\u0161e investice do nejnov\u011bj\u0161\u00edch technologii. F\u00e9rov\u00e9 jedn\u00e1n\u00ed zaji\u0161\u0165uje kolektiv lid\u00ed, kter\u00fd jejich pr\u00e1ce i po 20 letech bav\u00ed.Na za\u0159\u00edzen\u00ed pro p\u0159\u00edjem internetu d\u00e1v\u00e1me do\u017eivotn\u00ed z\u00e1ruku. P\u0159ipojen\u00ed nab\u00edz\u00edme prost\u0159ednictv\u00edm t\u011bchto technologii: Optick\u00e9 rozvody (GPON): P\u0159edm\u011b\u0159ice nad Labem, Lochenice,\u2026<\/strong><\/h4>\n<\/div><\/div>\n\n\n\n<hr class=\"wp-block-separator has-alpha-channel-opacity\"\/>\n\n\n\n<div class=\"wp-block-columns is-layout-flex wp-container-core-columns-is-layout-1 wp-block-columns-is-layout-flex\">\n<div class=\"wp-block-column is-layout-flow wp-block-column-is-layout-flow\">\n<figure class=\"wp-block-image size-full\"><img loading=\"lazy\" decoding=\"async\" width=\"900\" height=\"750\" src=\"https:\/\/www.pnl.cz\/wp-content\/uploads\/2024\/07\/zs-1.png\" alt=\"\" class=\"wp-image-48\" srcset=\"https:\/\/www.pnl.cz\/wp-content\/uploads\/2024\/07\/zs-1.png 900w, https:\/\/www.pnl.cz\/wp-content\/uploads\/2024\/07\/zs-1-300x250.png 300w, https:\/\/www.pnl.cz\/wp-content\/uploads\/2024\/07\/zs-1-768x640.png 768w\" sizes=\"(max-width: 900px) 100vw, 900px\" \/><\/figure>\n\n\n\n<p>Z\u00e1kladn\u00ed \u0161kola a mate\u0159sk\u00e1 \u0161kola P\u0159edm\u011b\u0159ice nad Labem<\/p>\n\n\n\n<p><a href=\"https:\/\/zs.pnl.cz\">https:\/\/zs.pnl.cz<\/a><\/p>\n<\/div>\n\n\n\n<div class=\"wp-block-column is-layout-flow wp-block-column-is-layout-flow\">\n<figure class=\"wp-block-image size-full\"><img loading=\"lazy\" decoding=\"async\" width=\"900\" height=\"750\" src=\"https:\/\/www.pnl.cz\/wp-content\/uploads\/2024\/07\/obec-1.png\" alt=\"\" class=\"wp-image-49\" srcset=\"https:\/\/www.pnl.cz\/wp-content\/uploads\/2024\/07\/obec-1.png 900w, https:\/\/www.pnl.cz\/wp-content\/uploads\/2024\/07\/obec-1-300x250.png 300w, https:\/\/www.pnl.cz\/wp-content\/uploads\/2024\/07\/obec-1-768x640.png 768w\" sizes=\"(max-width: 900px) 100vw, 900px\" \/><\/figure>\n\n\n\n<p>Obec P\u0159edm\u011b\u0159ice nad Labem &#8211; web obce<\/p>\n\n\n\n<p><a href=\"https:\/\/www.predmericenl.cz\">https:\/\/www.predmericenl.cz<\/a><\/p>\n<\/div>\n\n\n\n<div class=\"wp-block-column is-layout-flow wp-block-column-is-layout-flow\">\n<figure class=\"wp-block-image size-full\"><img loading=\"lazy\" decoding=\"async\" width=\"900\" height=\"750\" src=\"https:\/\/www.pnl.cz\/wp-content\/uploads\/2024\/07\/hala-1.png\" alt=\"\" class=\"wp-image-50\" srcset=\"https:\/\/www.pnl.cz\/wp-content\/uploads\/2024\/07\/hala-1.png 900w, https:\/\/www.pnl.cz\/wp-content\/uploads\/2024\/07\/hala-1-300x250.png 300w, https:\/\/www.pnl.cz\/wp-content\/uploads\/2024\/07\/hala-1-768x640.png 768w\" sizes=\"(max-width: 900px) 100vw, 900px\" \/><\/figure>\n\n\n\n<p>Sportovn\u00ed hala P\u0159edm\u011b\u0159ice nad Labem<\/p>\n\n\n\n<p><a href=\"https:\/\/hala.pnl.cz\">https:\/\/hala.pnl.cz<\/a><\/p>\n<\/div>\n<\/div>\n\n\n\n<div class=\"wp-block-columns is-layout-flex wp-container-core-columns-is-layout-2 wp-block-columns-is-layout-flex\">\n<div class=\"wp-block-column is-layout-flow wp-block-column-is-layout-flow\">\n<figure class=\"wp-block-image size-full\"><img loading=\"lazy\" decoding=\"async\" width=\"900\" height=\"750\" src=\"https:\/\/www.pnl.cz\/wp-content\/uploads\/2024\/07\/sdh.png\" alt=\"\" class=\"wp-image-51\" srcset=\"https:\/\/www.pnl.cz\/wp-content\/uploads\/2024\/07\/sdh.png 900w, https:\/\/www.pnl.cz\/wp-content\/uploads\/2024\/07\/sdh-300x250.png 300w, https:\/\/www.pnl.cz\/wp-content\/uploads\/2024\/07\/sdh-768x640.png 768w\" sizes=\"(max-width: 900px) 100vw, 900px\" \/><\/figure>\n\n\n\n<p>Sbor dobrovoln\u00fdch hasi\u010d\u016f P\u0159edm\u011b\u0159ice nad Labem<\/p>\n\n\n\n<p><a href=\"https:\/\/www.sdhpredmerice.cz\">https:\/\/www.sdhpredmerice.cz<\/a><\/p>\n<\/div>\n\n\n\n<div class=\"wp-block-column is-layout-flow wp-block-column-is-layout-flow\">\n<figure class=\"wp-block-image size-full\"><img loading=\"lazy\" decoding=\"async\" width=\"900\" height=\"750\" src=\"https:\/\/www.pnl.cz\/wp-content\/uploads\/2024\/07\/lekar.png\" alt=\"\" class=\"wp-image-53\" srcset=\"https:\/\/www.pnl.cz\/wp-content\/uploads\/2024\/07\/lekar.png 900w, https:\/\/www.pnl.cz\/wp-content\/uploads\/2024\/07\/lekar-300x250.png 300w, https:\/\/www.pnl.cz\/wp-content\/uploads\/2024\/07\/lekar-768x640.png 768w\" sizes=\"(max-width: 900px) 100vw, 900px\" \/><\/figure>\n\n\n\n<p>MUDr. Zuzana Zaklov\u00e1 &#8211; praktick\u00fd l\u00e9ka\u0159 pro dosp\u011bl\u00e9<\/p>\n\n\n\n<p><a href=\"https:\/\/www.zaklova.eu\">https:\/\/www.zaklova.eu<\/a><\/p>\n<\/div>\n\n\n\n<div class=\"wp-block-column is-layout-flow wp-block-column-is-layout-flow\"><\/div>\n<\/div>\n","protected":false},"excerpt":{"rendered":"<p>Na\u0161e s\u00ed\u0165 V\u00e1m nab\u00edz\u00ed kvalitu, rychlost a f\u00e9rov\u00e9 jedn\u00e1n\u00ed. Kvalitu a rychlost zaji\u0161\u0165uj\u00ed na\u0161e investice do nejnov\u011bj\u0161\u00edch technologii. F\u00e9rov\u00e9 jedn\u00e1n\u00ed zaji\u0161\u0165uje kolektiv lid\u00ed, kter\u00fd jejich pr\u00e1ce i po 20 letech bav\u00ed.Na za\u0159\u00edzen\u00ed pro p\u0159\u00edjem internetu d\u00e1v\u00e1me do\u017eivotn\u00ed z\u00e1ruku. P\u0159ipojen\u00ed nab\u00edz\u00edme prost\u0159ednictv\u00edm t\u011bchto technologii: Optick\u00e9 rozvody (GPON): P\u0159edm\u011b\u0159ice nad Labem, Lochenice,\u2026 Z\u00e1kladn\u00ed \u0161kola a mate\u0159sk\u00e1 \u0161kola<\/p>\n","protected":false},"author":1,"featured_media":0,"parent":0,"menu_order":0,"comment_status":"closed","ping_status":"closed","template":"","meta":{"footnotes":""},"class_list":["post-39","page","type-page","status-publish","hentry"],"_links":{"self":[{"href":"https:\/\/www.pnl.cz\/index.php\/wp-json\/wp\/v2\/pages\/39"}],"collection":[{"href":"https:\/\/www.pnl.cz\/index.php\/wp-json\/wp\/v2\/pages"}],"about":[{"href":"https:\/\/www.pnl.cz\/index.php\/wp-json\/wp\/v2\/types\/page"}],"author":[{"embeddable":true,"href":"https:\/\/www.pnl.cz\/index.php\/wp-json\/wp\/v2\/users\/1"}],"replies":[{"embeddable":true,"href":"https:\/\/www.pnl.cz\/index.php\/wp-json\/wp\/v2\/comments?post=39"}],"version-history":[{"count":8,"href":"https:\/\/www.pnl.cz\/index.php\/wp-json\/wp\/v2\/pages\/39\/revisions"}],"predecessor-version":[{"id":60,"href":"https:\/\/www.pnl.cz\/index.php\/wp-json\/wp\/v2\/pages\/39\/revisions\/60"}],"wp:attachment":[{"href":"https:\/\/www.pnl.cz\/index.php\/wp-json\/wp\/v2\/media?parent=39"}],"curies":[{"name":"wp","href":"https:\/\/api.w.org\/{rel}","templated":true}]}}